{"id":306,"date":"2025-07-09T15:59:48","date_gmt":"2025-07-09T13:59:48","guid":{"rendered":"https:\/\/groupace.fr\/new\/?page_id=306"},"modified":"2026-03-06T11:25:21","modified_gmt":"2026-03-06T10:25:21","slug":"actualites","status":"publish","type":"page","link":"https:\/\/groupace.fr\/new\/actualites\/","title":{"rendered":"Actualit\u00e9s"},"content":{"rendered":"\t\t<div data-elementor-type=\"wp-page\" data-elementor-id=\"306\" class=\"elementor elementor-306\">\n\t\t\t\t\t\t<section class=\"elementor-section elementor-top-section elementor-element elementor-element-f91abf6 elementor-section-stretched elementor-section-boxed elementor-section-height-default elementor-section-height-default\" data-id=\"f91abf6\" data-element_type=\"section\" data-e-type=\"section\" data-settings=\"{&quot;stretch_section&quot;:&quot;section-stretched&quot;,&quot;background_background&quot;:&quot;classic&quot;}\">\n\t\t\t\t\t\t<div class=\"elementor-container elementor-column-gap-default\">\n\t\t\t\t\t<div class=\"elementor-column elementor-col-100 elementor-top-column elementor-element elementor-element-37ccef6\" data-id=\"37ccef6\" data-element_type=\"column\" data-e-type=\"column\">\n\t\t\t<div class=\"elementor-widget-wrap elementor-element-populated\">\n\t\t\t\t\t\t<div class=\"elementor-element elementor-element-d4f2831 elementor-widget elementor-widget-heading\" data-id=\"d4f2831\" data-element_type=\"widget\" data-e-type=\"widget\" data-widget_type=\"heading.default\">\n\t\t\t\t<div class=\"elementor-widget-container\">\n\t\t\t\t\t<h2 class=\"elementor-heading-title elementor-size-default\">Nos actualit\u00e9s<\/h2>\t\t\t\t<\/div>\n\t\t\t\t<\/div>\n\t\t\t\t<div class=\"elementor-element elementor-element-473aa26 elementor-widget elementor-widget-image\" data-id=\"473aa26\" data-element_type=\"widget\" data-e-type=\"widget\" data-widget_type=\"image.default\">\n\t\t\t\t<div class=\"elementor-widget-container\">\n\t\t\t\t\t\t\t\t\t\t\t\t\t\t\t<img fetchpriority=\"high\" decoding=\"async\" width=\"800\" height=\"800\" src=\"https:\/\/groupace.fr\/new\/wp-content\/uploads\/2025\/05\/barre_rainbow.svg\" class=\"attachment-large size-large wp-image-58\" alt=\"\" \/>\t\t\t\t\t\t\t\t\t\t\t\t\t\t\t<\/div>\n\t\t\t\t<\/div>\n\t\t\t\t<div class=\"elementor-element elementor-element-c764de8 elementor-widget elementor-widget-text-editor\" data-id=\"c764de8\" data-element_type=\"widget\" data-e-type=\"widget\" data-widget_type=\"text-editor.default\">\n\t\t\t\t<div class=\"elementor-widget-container\">\n\t\t\t\t\t\t\t\t\t<p>\u00c9volutions, projets, engagements, vie du r\u00e9seau\u2026<br \/>Suivez ici les grandes \u00e9tapes de la vie du Group ACE : Un aper\u00e7u concret de notre dynamique, au plus pr\u00e8s de nos \u00e9quipes et de nos valeurs !<\/p>\t\t\t\t\t\t\t\t<\/div>\n\t\t\t\t<\/div>\n\t\t\t\t\t<\/div>\n\t\t<\/div>\n\t\t\t\t\t<\/div>\n\t\t<\/section>\n\t\t\t\t<section class=\"elementor-section elementor-top-section elementor-element elementor-element-faaf721 elementor-section-boxed elementor-section-height-default elementor-section-height-default\" data-id=\"faaf721\" data-element_type=\"section\" data-e-type=\"section\" data-settings=\"{&quot;background_background&quot;:&quot;classic&quot;}\">\n\t\t\t\t\t\t<div class=\"elementor-container elementor-column-gap-default\">\n\t\t\t\t\t<div class=\"elementor-column elementor-col-100 elementor-top-column elementor-element elementor-element-a62340b\" data-id=\"a62340b\" data-element_type=\"column\" data-e-type=\"column\">\n\t\t\t<div class=\"elementor-widget-wrap elementor-element-populated\">\n\t\t\t\t\t\t<div class=\"elementor-element elementor-element-2cf3085 elementor-widget elementor-widget-news_grid_shortcode\" data-id=\"2cf3085\" data-element_type=\"widget\" data-e-type=\"widget\" data-widget_type=\"news_grid_shortcode.default\">\n\t\t\t\t<div class=\"elementor-widget-container\">\n\t\t\t\t\t<div id=\"news-grid-6638-container\" class=\"news-grid-master-container\" \n        data-grid-id=\"news-grid-6638\" \n        data-posts-number=\"21\" \n        data-columns=\"3\" \n        data-base-category=\"\" \n        data-excerpt-length=\"20\" \n        data-button-text=\"En savoir plus\" \n        data-image-size=\"medium\" \n        data-show-date=\"yes\" \n        data-date-format=\"d F Y\"\n        data-show-load-more=\"yes\"><div id=\"news-grid-6638-content\"><div id=\"news-grid-6638\" class=\"news-grid-container grid-columns-3\"><a href=\"https:\/\/groupace.fr\/new\/groupace-au-festival-de-lelevage-2025\/\" class=\"news-grid-item\"><div class=\"news-grid-image\"><img decoding=\"async\" width=\"300\" height=\"297\" src=\"https:\/\/groupace.fr\/new\/wp-content\/uploads\/2025\/06\/unnamed-300x297.png\" class=\"news-grid-thumb wp-post-image\" alt=\"\" srcset=\"https:\/\/groupace.fr\/new\/wp-content\/uploads\/2025\/06\/unnamed-300x297.png 300w, https:\/\/groupace.fr\/new\/wp-content\/uploads\/2025\/06\/unnamed-1024x1013.png 1024w, https:\/\/groupace.fr\/new\/wp-content\/uploads\/2025\/06\/unnamed-150x150.png 150w, https:\/\/groupace.fr\/new\/wp-content\/uploads\/2025\/06\/unnamed-768x760.png 768w, https:\/\/groupace.fr\/new\/wp-content\/uploads\/2025\/06\/unnamed.png 1140w\" sizes=\"(max-width: 300px) 100vw, 300px\" \/><\/div><div class=\"news-grid-content\"><div class=\"news-grid-date\">17 juin 2025<\/div><h3 class=\"news-grid-title\">GROUPACE au Festival de l&rsquo;\u00c9levage 2025 !<\/h3><div class=\"news-grid-excerpt\">\ud83d\udc04 GROUPACE au Festival de l&rsquo;\u00c9levage 2025 ! \ud83d\udc04 \ud83d\udccd&nbsp;Plan d\u2019eau de Brumath\ud83d\udcc5&nbsp;17 &amp; 18 mai 2025 Nous avons eu...<\/div><\/div><\/a><a href=\"https:\/\/groupace.fr\/new\/100-ans-ca-se-fete\/\" class=\"news-grid-item\"><div class=\"news-grid-image\"><img decoding=\"async\" width=\"300\" height=\"246\" src=\"https:\/\/groupace.fr\/new\/wp-content\/uploads\/2025\/06\/Capture-decran-2025-06-23-a-12.23.24-300x246.png\" class=\"news-grid-thumb wp-post-image\" alt=\"\" srcset=\"https:\/\/groupace.fr\/new\/wp-content\/uploads\/2025\/06\/Capture-decran-2025-06-23-a-12.23.24-300x246.png 300w, https:\/\/groupace.fr\/new\/wp-content\/uploads\/2025\/06\/Capture-decran-2025-06-23-a-12.23.24-768x630.png 768w, https:\/\/groupace.fr\/new\/wp-content\/uploads\/2025\/06\/Capture-decran-2025-06-23-a-12.23.24.png 1012w\" sizes=\"(max-width: 300px) 100vw, 300px\" \/><\/div><div class=\"news-grid-content\"><div class=\"news-grid-date\">07 juin 2025<\/div><h3 class=\"news-grid-title\">100 ans, \u00e7a se f\u00eate !<\/h3><div class=\"news-grid-excerpt\">Aujourd\u2019hui, le Groupe GROUPACE a le plaisir de c\u00e9l\u00e9brer les 100 ans de la soci\u00e9t\u00e9 Gustave Muller SAS, une aventure...<\/div><\/div><\/a><a href=\"https:\/\/groupace.fr\/new\/du-nouveaux-dans-nos-activites\/\" class=\"news-grid-item\"><div class=\"news-grid-image\"><img loading=\"lazy\" decoding=\"async\" width=\"300\" height=\"200\" src=\"https:\/\/groupace.fr\/new\/wp-content\/uploads\/2025\/05\/5d23210f6d90-Collaborateur_expert-compt_1200x800-72-300x200.jpg\" class=\"news-grid-thumb wp-post-image\" alt=\"\" srcset=\"https:\/\/groupace.fr\/new\/wp-content\/uploads\/2025\/05\/5d23210f6d90-Collaborateur_expert-compt_1200x800-72-300x200.jpg 300w, https:\/\/groupace.fr\/new\/wp-content\/uploads\/2025\/05\/5d23210f6d90-Collaborateur_expert-compt_1200x800-72-1024x683.jpg 1024w, https:\/\/groupace.fr\/new\/wp-content\/uploads\/2025\/05\/5d23210f6d90-Collaborateur_expert-compt_1200x800-72-768x512.jpg 768w, https:\/\/groupace.fr\/new\/wp-content\/uploads\/2025\/05\/5d23210f6d90-Collaborateur_expert-compt_1200x800-72.jpg 1200w\" sizes=\"(max-width: 300px) 100vw, 300px\" \/><\/div><div class=\"news-grid-content\"><div class=\"news-grid-date\">27 mai 2025<\/div><h3 class=\"news-grid-title\">Du nouveaux dans nos activit\u00e9s<\/h3><div class=\"news-grid-excerpt\">Le Groupe met \u00e0 votre disposition\u00a0un savoir-faire reconnu\u00a0en mati\u00e8re comptable, fiscale, sociale, juridique, informatique et en gestion de patrimoine.Il vous...<\/div><\/div><\/a><\/div><div id=\"news-grid-6638-pagination\" class=\"news-grid-pagination\"><\/div><\/div><\/div>    <style>\n        \/* Styles pour les filtres *\/\n        .news-grid-filters {\n            margin-bottom: 20px;\n            display: flex;\n            flex-wrap: wrap;\n            gap: 10px;\n        }\n        \n        .news-grid-filters a {\n            display: inline-block;\n            padding: 8px 15px;\n            background-color: #f0f0f0;\n            color: #333;\n            text-decoration: none;\n            border-radius: 4px;\n            transition: all 0.3s ease;\n            cursor: pointer;\n        }\n        \n        .news-grid-filters a:hover,\n        .news-grid-filters a.active {\n            background-color: #4054B2;\n            color: #fff;\n        }\n        \n        \/* Styles de base pour la grille d'actualit\u00e9s *\/\n        .news-grid-container {\n            display: grid;\n            grid-gap: 20px;\n\t\t\tgrid-auto-rows: 1fr; \n        }\n        \n        .grid-columns-1 { grid-template-columns: repeat(1, 1fr); }\n        .grid-columns-2 { grid-template-columns: repeat(2, 1fr); }\n        .grid-columns-3 { grid-template-columns: repeat(3, 1fr); }\n        .grid-columns-4 { grid-template-columns: repeat(4, 1fr); }\n        \n        @media (max-width: 767px) {\n            .news-grid-container {\n                grid-template-columns: repeat(1, 1fr);\n            }\n        }\n        \n        @media (min-width: 768px) and (max-width: 1024px) {\n            .grid-columns-3, .grid-columns-4 {\n                grid-template-columns: repeat(2, 1fr);\n            }\n        }\n        \n        .news-grid-item {\n            background-color: #fff;\n            border-radius: 5px;\n            overflow: hidden;\n            box-shadow: 2px 2px 0px 0px rgba(0, 0, 0, 0.12);\n            transition: transform 0.3s ease;\n            display: flex;\n            flex-direction: column;\n\t\t\ttext-transform: none;\n        }\n        .news-grid-item:hover {\n            transform: translateY(-5px);\n        }\n        \n        .news-grid-image {\n            width: 100%;\n            position: relative;\n            overflow: hidden;\n        }\n        \n        .news-grid-image img {\n            width: 100%;\n            aspect-ratio: 1 \/ 1;\n            object-fit: cover;\n            display: block;\n            transition: transform 0.3s ease;\n\t\t\tborder-radius: 0;\n        }\n        \n        .news-grid-item:hover .news-grid-image img {\n            transform: scale(1.05);\n        }\n        \n        .news-grid-no-image .news-grid-placeholder {\n            background-color: #f5f5f5;\n            height: 200px;\n            display: flex;\n            align-items: center;\n            justify-content: center;\n            color: #888;\n        }\n        \n        .news-grid-content {\n            padding: 15px;\n            display: flex;\n            flex-direction: column;\n            flex-grow: 1;\n        }\n        \n        .news-grid-date {\n            color: #888;\n            font-size: 14px;\n            margin-bottom: 10px;\n        }\n        \n        .news-grid-title {\n            font-size: 18px;\n            margin-top: 0;\n            margin-bottom: 10px;\n        }\n        \n        .news-grid-title a {\n            color: #333;\n            text-decoration: none;\n        }\n        \n        .news-grid-excerpt {\n            color: #666;\n            font-size: 14px;\n            line-height: 1.5;\n            margin-bottom: 15px;\n        }\n        \n        .news-grid-button {\n            display: inline-block;\n            background-color: #4054B2;\n            color: #fff;\n            padding: 8px 16px !important;\n            text-decoration: none;\n            border-radius: 3px;\n            font-size: 14px;\n            transition: background-color 0.3s ease;\n            margin-top: auto;\n            align-self: flex-start;\n\t\t\tdisplay: none;\n        }\n        \n        .news-grid-button:hover {\n            background-color: #2F3B89;\n            color: #fff;\n        }\n        \n        \/* Styles pour la pagination et le bouton \"Charger plus\" *\/\n        .news-grid-pagination {\n            margin-top: 30px;\n            text-align: center;\n        }\n        \n        .news-grid-pagination-links {\n            display: inline-block;\n        }\n        \n        .news-grid-pagination-links .page-numbers {\n            display: inline-block;\n            padding: 5px 10px;\n            background-color: #000;\n            color: #333;\n            text-decoration: none;\n            border-radius: 3px;\n            margin: 0 2px;\n            cursor: pointer;\n        }\n        \n        .news-grid-pagination-links .page-numbers.current {\n            background-color: #4054B2;\n            color: #fff;\n            cursor: default;\n        }\n        \n        .news-grid-pagination-links .page-numbers:hover:not(.current) {\n            background-color: #4054B2;\n            color: #fff;\n        }\n        \n        .news-grid-load-more-container {\n            margin-top: 30px;\n            text-align: center;\n        }\n        \n        .news-grid-load-more-button {\n            display: inline-block;\n            background-color: #4054B2;\n            color: #fff;\n            padding: 10px 20px;\n            border: none;\n            border-radius: 15px;\n            font-size: 16px;\n            cursor: pointer;\n            transition: background-color 0.3s ease;\n        }\n        \n        .news-grid-load-more-button:hover {\n            background-color: #2F3B89;\n        }\n        \n        .news-grid-load-more-button.loading {\n            opacity: 0.7;\n            cursor: wait;\n        }\n        \n        \/* Indicateur de chargement *\/\n        .news-grid-loading {\n            position: absolute;\n            top: 0;\n            left: 0;\n            width: 100%;\n            height: 100%;\n            background-color: rgba(255, 255, 255, 0.8);\n            display: flex;\n            justify-content: center;\n            align-items: center;\n            z-index: 999;\n            opacity: 0;\n            visibility: hidden;\n            transition: opacity 0.3s ease;\n        }\n        \n        .news-grid-loading.active {\n            opacity: 1;\n            visibility: visible;\n        }\n        \n        .news-grid-loading-spinner {\n            border: 5px solid #f3f3f3;\n            border-top: 5px solid #4054B2;\n            border-radius: 50%;\n            width: 40px;\n            height: 40px;\n            animation: spin 1s linear infinite;\n        }\n        \n        @keyframes spin {\n            0% { transform: rotate(0deg); }\n            100% { transform: rotate(360deg); }\n        }\n        \n        \/* Conteneur avec position relative pour le loader *\/\n        .news-grid-master-container {\n            position: relative;\n            min-height: 200px; \/* Hauteur minimale pour montrer le loader *\/\n        }\n    <\/style>\n    \t\t\t\t<\/div>\n\t\t\t\t<\/div>\n\t\t\t\t\t<\/div>\n\t\t<\/div>\n\t\t\t\t\t<\/div>\n\t\t<\/section>\n\t\t\t\t<section class=\"elementor-section elementor-top-section elementor-element elementor-element-ecef7df elementor-section-content-middle elementor-section-boxed elementor-section-height-default elementor-section-height-default\" data-id=\"ecef7df\" data-element_type=\"section\" data-e-type=\"section\">\n\t\t\t\t\t\t<div class=\"elementor-container elementor-column-gap-default\">\n\t\t\t\t\t<div class=\"elementor-column elementor-col-50 elementor-top-column elementor-element elementor-element-f11f880\" data-id=\"f11f880\" data-element_type=\"column\" data-e-type=\"column\">\n\t\t\t<div class=\"elementor-widget-wrap elementor-element-populated\">\n\t\t\t\t\t\t<div class=\"elementor-element elementor-element-f35457d elementor-widget elementor-widget-image\" data-id=\"f35457d\" data-element_type=\"widget\" data-e-type=\"widget\" data-widget_type=\"image.default\">\n\t\t\t\t<div class=\"elementor-widget-container\">\n\t\t\t\t\t\t\t\t\t\t\t\t\t\t\t<img loading=\"lazy\" decoding=\"async\" width=\"800\" height=\"538\" src=\"https:\/\/groupace.fr\/new\/wp-content\/uploads\/2025\/06\/group-ace-recrute-1024x688.jpg\" class=\"attachment-large size-large wp-image-328\" alt=\"\" srcset=\"https:\/\/groupace.fr\/new\/wp-content\/uploads\/2025\/06\/group-ace-recrute-1024x688.jpg 1024w, https:\/\/groupace.fr\/new\/wp-content\/uploads\/2025\/06\/group-ace-recrute-300x202.jpg 300w, https:\/\/groupace.fr\/new\/wp-content\/uploads\/2025\/06\/group-ace-recrute-768x516.jpg 768w, https:\/\/groupace.fr\/new\/wp-content\/uploads\/2025\/06\/group-ace-recrute.jpg 1468w\" sizes=\"(max-width: 800px) 100vw, 800px\" \/>\t\t\t\t\t\t\t\t\t\t\t\t\t\t\t<\/div>\n\t\t\t\t<\/div>\n\t\t\t\t\t<\/div>\n\t\t<\/div>\n\t\t\t\t<div class=\"elementor-column elementor-col-50 elementor-top-column elementor-element elementor-element-9e98313\" data-id=\"9e98313\" data-element_type=\"column\" data-e-type=\"column\">\n\t\t\t<div class=\"elementor-widget-wrap elementor-element-populated\">\n\t\t\t\t\t\t<div class=\"elementor-element elementor-element-490bdc4 elementor-widget elementor-widget-heading\" data-id=\"490bdc4\" data-element_type=\"widget\" data-e-type=\"widget\" data-widget_type=\"heading.default\">\n\t\t\t\t<div class=\"elementor-widget-container\">\n\t\t\t\t\t<h2 class=\"elementor-heading-title elementor-size-default\">Le Group ACE recrute ! <\/h2>\t\t\t\t<\/div>\n\t\t\t\t<\/div>\n\t\t\t\t<div class=\"elementor-element elementor-element-fa04f45 elementor-widget elementor-widget-heading\" data-id=\"fa04f45\" data-element_type=\"widget\" data-e-type=\"widget\" data-widget_type=\"heading.default\">\n\t\t\t\t<div class=\"elementor-widget-container\">\n\t\t\t\t\t<div class=\"elementor-heading-title elementor-size-default\">Et si c\u2019\u00e9tait le bon moment pour vous ?<br>\nVotre place est peut-\u00eatre ici, avec nous\u00a0!\u00a0<\/div>\t\t\t\t<\/div>\n\t\t\t\t<\/div>\n\t\t\t\t<div class=\"elementor-element elementor-element-3cf02bb elementor-align-center btn_rainbow elementor-widget elementor-widget-button\" data-id=\"3cf02bb\" data-element_type=\"widget\" data-e-type=\"widget\" data-widget_type=\"button.default\">\n\t\t\t\t<div class=\"elementor-widget-container\">\n\t\t\t\t\t\t\t\t\t<div class=\"elementor-button-wrapper\">\n\t\t\t\t\t<a class=\"elementor-button elementor-button-link elementor-size-sm\" href=\"#\">\n\t\t\t\t\t\t<span class=\"elementor-button-content-wrapper\">\n\t\t\t\t\t\t\t\t\t<span class=\"elementor-button-text\">En savoir plus<\/span>\n\t\t\t\t\t<\/span>\n\t\t\t\t\t<\/a>\n\t\t\t\t<\/div>\n\t\t\t\t\t\t\t\t<\/div>\n\t\t\t\t<\/div>\n\t\t\t\t\t<\/div>\n\t\t<\/div>\n\t\t\t\t\t<\/div>\n\t\t<\/section>\n\t\t\t\t<\/div>\n\t\t","protected":false},"excerpt":{"rendered":"<p>Nos actualit\u00e9s \u00c9volutions, projets, engagements, vie du r\u00e9seau\u2026Suivez ici les grandes \u00e9tapes de la vie du Group ACE : Un aper\u00e7u concret de notre dynamique, au plus pr\u00e8s de nos \u00e9quipes et de nos valeurs ! 17 juin 2025 GROUPACE au Festival de l&rsquo;\u00c9levage 2025 ! \ud83d\udc04 GROUPACE au Festival de l&rsquo;\u00c9levage 2025 ! \ud83d\udc04 [&hellip;]<\/p>\n","protected":false},"author":1,"featured_media":0,"parent":0,"menu_order":0,"comment_status":"closed","ping_status":"closed","template":"","meta":{"inline_featured_image":false,"footnotes":""},"class_list":["post-306","page","type-page","status-publish","hentry"],"_links":{"self":[{"href":"https:\/\/groupace.fr\/new\/wp-json\/wp\/v2\/pages\/306","targetHints":{"allow":["GET"]}}],"collection":[{"href":"https:\/\/groupace.fr\/new\/wp-json\/wp\/v2\/pages"}],"about":[{"href":"https:\/\/groupace.fr\/new\/wp-json\/wp\/v2\/types\/page"}],"author":[{"embeddable":true,"href":"https:\/\/groupace.fr\/new\/wp-json\/wp\/v2\/users\/1"}],"replies":[{"embeddable":true,"href":"https:\/\/groupace.fr\/new\/wp-json\/wp\/v2\/comments?post=306"}],"version-history":[{"count":16,"href":"https:\/\/groupace.fr\/new\/wp-json\/wp\/v2\/pages\/306\/revisions"}],"predecessor-version":[{"id":719,"href":"https:\/\/groupace.fr\/new\/wp-json\/wp\/v2\/pages\/306\/revisions\/719"}],"wp:attachment":[{"href":"https:\/\/groupace.fr\/new\/wp-json\/wp\/v2\/media?parent=306"}],"curies":[{"name":"wp","href":"https:\/\/api.w.org\/{rel}","templated":true}]}}