{"id":682,"date":"2026-03-03T13:24:49","date_gmt":"2026-03-03T12:24:49","guid":{"rendered":"https:\/\/groupace.fr\/new\/?page_id=682"},"modified":"2026-03-06T11:24:18","modified_gmt":"2026-03-06T10:24:18","slug":"contact","status":"publish","type":"page","link":"https:\/\/groupace.fr\/new\/contact\/","title":{"rendered":"Contact"},"content":{"rendered":"\t\t<div data-elementor-type=\"wp-page\" data-elementor-id=\"682\" class=\"elementor elementor-682\">\n\t\t\t\t\t\t<section class=\"elementor-section elementor-top-section elementor-element elementor-element-14e7b3e elementor-section-stretched elementor-section-boxed elementor-section-height-default elementor-section-height-default\" data-id=\"14e7b3e\" data-element_type=\"section\" data-e-type=\"section\" data-settings=\"{&quot;stretch_section&quot;:&quot;section-stretched&quot;,&quot;background_background&quot;:&quot;classic&quot;}\">\n\t\t\t\t\t\t\t<div class=\"elementor-background-overlay\"><\/div>\n\t\t\t\t\t\t\t<div class=\"elementor-container elementor-column-gap-default\">\n\t\t\t\t\t<div class=\"elementor-column elementor-col-100 elementor-top-column elementor-element elementor-element-6bcf078\" data-id=\"6bcf078\" data-element_type=\"column\" data-e-type=\"column\">\n\t\t\t<div class=\"elementor-widget-wrap elementor-element-populated\">\n\t\t\t\t\t\t<div class=\"elementor-element elementor-element-fd52b11 elementor-widget elementor-widget-heading\" data-id=\"fd52b11\" data-element_type=\"widget\" data-e-type=\"widget\" data-widget_type=\"heading.default\">\n\t\t\t\t<div class=\"elementor-widget-container\">\n\t\t\t\t\t<h1 class=\"elementor-heading-title elementor-size-default\">Contact<\/h1>\t\t\t\t<\/div>\n\t\t\t\t<\/div>\n\t\t\t\t\t<\/div>\n\t\t<\/div>\n\t\t\t\t\t<\/div>\n\t\t<\/section>\n\t\t\t\t<section class=\"elementor-section elementor-top-section elementor-element elementor-element-1f883a1 elementor-section-stretched elementor-section-boxed elementor-section-height-default elementor-section-height-default\" data-id=\"1f883a1\" data-element_type=\"section\" data-e-type=\"section\" data-settings=\"{&quot;stretch_section&quot;:&quot;section-stretched&quot;,&quot;background_background&quot;:&quot;classic&quot;}\">\n\t\t\t\t\t\t<div class=\"elementor-container elementor-column-gap-default\">\n\t\t\t\t\t<div class=\"elementor-column elementor-col-100 elementor-top-column elementor-element elementor-element-1910bce\" data-id=\"1910bce\" data-element_type=\"column\" data-e-type=\"column\">\n\t\t\t<div class=\"elementor-widget-wrap elementor-element-populated\">\n\t\t\t\t\t\t<div class=\"elementor-element elementor-element-e32712d elementor-widget elementor-widget-spacer\" data-id=\"e32712d\" data-element_type=\"widget\" data-e-type=\"widget\" data-widget_type=\"spacer.default\">\n\t\t\t\t<div class=\"elementor-widget-container\">\n\t\t\t\t\t\t\t<div class=\"elementor-spacer\">\n\t\t\t<div class=\"elementor-spacer-inner\"><\/div>\n\t\t<\/div>\n\t\t\t\t\t\t<\/div>\n\t\t\t\t<\/div>\n\t\t\t\t\t<\/div>\n\t\t<\/div>\n\t\t\t\t\t<\/div>\n\t\t<\/section>\n\t\t\t\t<section class=\"elementor-section elementor-top-section elementor-element elementor-element-11c7ac9 elementor-section-boxed elementor-section-height-default elementor-section-height-default\" data-id=\"11c7ac9\" data-element_type=\"section\" data-e-type=\"section\" data-settings=\"{&quot;background_background&quot;:&quot;classic&quot;}\">\n\t\t\t\t\t\t<div class=\"elementor-container elementor-column-gap-default\">\n\t\t\t\t\t<div class=\"elementor-column elementor-col-33 elementor-top-column elementor-element elementor-element-8fba22d\" data-id=\"8fba22d\" data-element_type=\"column\" data-e-type=\"column\">\n\t\t\t<div class=\"elementor-widget-wrap elementor-element-populated\">\n\t\t\t\t\t\t<div class=\"elementor-element elementor-element-78d2cbc elementor-widget elementor-widget-spacer\" data-id=\"78d2cbc\" data-element_type=\"widget\" data-e-type=\"widget\" data-widget_type=\"spacer.default\">\n\t\t\t\t<div class=\"elementor-widget-container\">\n\t\t\t\t\t\t\t<div class=\"elementor-spacer\">\n\t\t\t<div class=\"elementor-spacer-inner\"><\/div>\n\t\t<\/div>\n\t\t\t\t\t\t<\/div>\n\t\t\t\t<\/div>\n\t\t\t\t<div class=\"elementor-element elementor-element-a32257b elementor-widget elementor-widget-text-editor\" data-id=\"a32257b\" data-element_type=\"widget\" data-e-type=\"widget\" data-widget_type=\"text-editor.default\">\n\t\t\t\t<div class=\"elementor-widget-container\">\n\t\t\t\t\t\t\t\t\t<p>Si\u00e8ge\u00a0:<\/p><p>15 rue Jean-Mermoz \u2013 BP 5<br \/>68127 Sainte-Croix-en-Plaine<\/p><p>03 89 20 27 00<\/p><p><a href=\"mailto:contact@groupace.fr\">contact@groupace.fr<\/a><\/p><p>Du lundi au vendredi\u00a0: <br \/>8h30 &#8211; 12h00 \/ 13h45 &#8211; 17h15<\/p>\t\t\t\t\t\t\t\t<\/div>\n\t\t\t\t<\/div>\n\t\t\t\t\t<\/div>\n\t\t<\/div>\n\t\t\t\t<div class=\"elementor-column elementor-col-66 elementor-top-column elementor-element elementor-element-a179ff7\" data-id=\"a179ff7\" data-element_type=\"column\" data-e-type=\"column\" data-settings=\"{&quot;background_background&quot;:&quot;classic&quot;}\">\n\t\t\t<div class=\"elementor-widget-wrap elementor-element-populated\">\n\t\t\t\t\t\t<div class=\"elementor-element elementor-element-0d80d9c elementor-widget elementor-widget-shortcode\" data-id=\"0d80d9c\" data-element_type=\"widget\" data-e-type=\"widget\" data-widget_type=\"shortcode.default\">\n\t\t\t\t<div class=\"elementor-widget-container\">\n\t\t\t\t\t\t\t<div class=\"elementor-shortcode\">    <div id=\"fca-wrapper\">\n\n        <form id=\"fca-form\" method=\"post\" novalidate>\n            <input type=\"hidden\" id=\"fca_nonce\" name=\"fca_nonce\" value=\"067342733f\" \/><input type=\"hidden\" name=\"_wp_http_referer\" value=\"\/new\/wp-json\/wp\/v2\/pages\/682\" \/>\n            <div class=\"fca-row fca-row--radio\">\n                <label class=\"fca-label\">Civilit\u00e9 <span class=\"fca-required\">*<\/span><\/label>\n                <div class=\"fca-radio-group\">\n                    <label class=\"fca-radio-label\"><input type=\"radio\" name=\"civilite\" value=\"Madame\" required> <span>Madame<\/span><\/label>\n                    <label class=\"fca-radio-label\"><input type=\"radio\" name=\"civilite\" value=\"Monsieur\"> <span>Monsieur<\/span><\/label>\n                <\/div>\n            <\/div>\n\n            <div class=\"fca-row\"><input type=\"text\"  name=\"nom\"       class=\"fca-input\" placeholder=\"Nom *\"     required><\/div>\n            <div class=\"fca-row\"><input type=\"text\"  name=\"prenom\"    class=\"fca-input\" placeholder=\"Pr\u00e9nom *\"  required><\/div>\n            <div class=\"fca-row\"><input type=\"text\"  name=\"societe\"   class=\"fca-input\" placeholder=\"Soci\u00e9t\u00e9\"><\/div>\n            <div class=\"fca-row\"><input type=\"text\"  name=\"fonction\"  class=\"fca-input\" placeholder=\"Fonction\"><\/div>\n            <div class=\"fca-row\"><input type=\"email\" name=\"email\"     class=\"fca-input\" placeholder=\"E-mail *\"  required><\/div>\n            <div class=\"fca-row\"><input type=\"tel\"   name=\"telephone\" class=\"fca-input\" placeholder=\"T\u00e9l\u00e9phone\"><\/div>\n\n            <div class=\"fca-row\">\n                <select name=\"agence\" class=\"fca-input fca-select\">\n                    <option value=\"\">\u2014 Choisissez votre agence \u2014<\/option>\n                    <option value=\"Agence d\u2019Altkirch\">Agence d\u2019Altkirch<\/option><option value=\"Agence d\u2019Obernai\">Agence d\u2019Obernai<\/option><option value=\"Agence de Belfort\">Agence de Belfort<\/option><option value=\"Agence de Drulingen\">Agence de Drulingen<\/option><option value=\"Agence de Mulhouse et MLCA\">Agence de Mulhouse et MLCA<\/option><option value=\"Agence de Munster\">Agence de Munster<\/option><option value=\"Agence de Niederschaeffolsheim\">Agence de Niederschaeffolsheim<\/option><option value=\"Agence de Sarreguemines\">Agence de Sarreguemines<\/option><option value=\"Agence de Soultz-sous-For\u00eats\">Agence de Soultz-sous-For\u00eats<\/option><option value=\"Agence de Strasbourg \u00ab p\u00f4le profession de Sant\u00e9 \u00bb\">Agence de Strasbourg \u00ab p\u00f4le profession de Sant\u00e9 \u00bb<\/option><option value=\"Audit &#038; D\u00e9veloppement\">Audit &#038; D\u00e9veloppement<\/option><option value=\"Bureau de Strasbourg\">Bureau de Strasbourg<\/option><option value=\"Sainte Croix en Plaine (si\u00e8ge)\">Sainte Croix en Plaine (si\u00e8ge)<\/option><option value=\"XEREX\">XEREX<\/option>                <\/select>\n            <\/div>\n\n            <div class=\"fca-row\">\n                <textarea name=\"message\" class=\"fca-input fca-textarea\" placeholder=\"Votre message *\" rows=\"5\" required><\/textarea>\n            <\/div>\n\n            <div class=\"fca-row fca-row--checkbox\">\n                <label class=\"fca-checkbox-label\">\n                    <input type=\"checkbox\" name=\"rgpd\" required>\n                    <span>J'accepte la <a href=\"\/donnees-personelles\" target=\"_blank\" class=\"fca-link\">d\u00e9claration de confidentialit\u00e9<\/a>. <span class=\"fca-required\">*<\/span><\/span>\n                <\/label>\n            <\/div>\n\n            <div class=\"fca-row\">\n                <button type=\"submit\" class=\"elementor-button elementor-button-link elementor-size-sm\">\n                    <span class=\"elementor-button-content-wrapper\">\n                        <span class=\"elementor-button-text\">Envoyer<\/span>\n                    <\/span>\n                <\/button>\n            <\/div>\n        <\/form>\n\n        <div id=\"fca-alert\" style=\"display:none;\"><\/div>\n\n    <\/div>\n\n    <style>\n    #fca-wrapper {\n        max-width: 640px;\n        background: #000;\n        padding: 40px;\n        border-radius: 8px;\n    }\n    #fca-wrapper .fca-form { display: flex; flex-direction: column; gap: 12px; }\n    #fca-wrapper .fca-row  { display: flex; flex-direction: column; }\n\n    #fca-wrapper .fca-input {\n        background: rgba(255,255,255,0.07);\n        border: 1px solid rgba(255,255,255,0.15);\n        border-radius: 4px;\n        color: #fff;\n        font-size: 15px;\n        padding: 12px 16px;\n        width: 100%;\n        box-sizing: border-box;\n        outline: none;\n        transition: border-color 0.25s, box-shadow 0.25s;\n        -webkit-appearance: none;\n    }\n    #fca-wrapper .fca-input::placeholder { color: rgba(255,255,255,0.4); }\n    #fca-wrapper .fca-input:focus {\n        border-color: rgba(255,255,255,0.5);\n        box-shadow: 0 0 0 2px rgba(132,123,255,0.35);\n    }\n    #fca-wrapper .fca-select         { cursor: pointer; color: rgba(255,255,255,0.4); }\n    #fca-wrapper .fca-select.filled  { color: #fff; }\n    #fca-wrapper .fca-select option  { background: #111; color: #fff; }\n    #fca-wrapper .fca-textarea       { resize: vertical; min-height: 120px; }\n\n    #fca-wrapper .fca-label { color: rgba(255,255,255,0.6); font-size: 13px; margin-bottom: 8px; text-transform: uppercase; letter-spacing: 0.05em; }\n    #fca-wrapper .fca-radio-group    { display: flex; gap: 24px; margin-bottom: 20px; }\n    #fca-wrapper .fca-radio-label,\n    #fca-wrapper .fca-checkbox-label { display: flex; align-items: flex-start; gap: 10px; color: rgba(255,255,255,0.75); font-size: 14px; cursor: pointer; }\n    #fca-wrapper .fca-radio-label input,\n    #fca-wrapper .fca-checkbox-label input { accent-color: #847bFF; width: 16px; height: 16px; margin-top: 2px; flex-shrink: 0; }\n    #fca-wrapper .fca-link     { color: #847bFF; text-decoration: underline; }\n    #fca-wrapper .fca-required { color: #ff4d6d; }\n\n    #fca-alert { margin-top: 16px; padding: 12px 18px; border-radius: 4px; font-size: 14px; }\n    #fca-alert.success { background: rgba(0,255,150,0.1); border: 1px solid rgba(0,255,150,0.3); color: #00ff96; }\n    #fca-alert.error   { background: rgba(255,60,60,0.1);  border: 1px solid rgba(255,60,60,0.3);  color: #ff6b6b; }\n\t\t#fca-wrapper .fca-input:-webkit-autofill,\n#fca-wrapper .fca-input:-webkit-autofill:hover,\n#fca-wrapper .fca-input:-webkit-autofill:focus {\n    -webkit-box-shadow: 0 0 0px 1000px rgba(255,255,255,0.07) inset !important;\n    -webkit-text-fill-color: #fff !important;\n    transition: background-color 5000s ease-in-out 0s;\n}\n\t\t.fca-row--checkbox{\n\t\t\tmargin-bottom: 20px;\n\t\t}\n    <\/style>\n\n    <script>\n    jQuery(function($) {\n        $('#fca-form .fca-select').on('change', function() {\n            $(this).toggleClass('filled', $(this).val() !== '');\n        });\n\n        $('#fca-form').on('submit', function(e) {\n            e.preventDefault();\n\n            if (!$(this).find('input[name=\"civilite\"]:checked').length) {\n                showAlert('Veuillez s\u00e9lectionner une civilit\u00e9.', 'error');\n                return;\n            }\n\n            var btn = $(this).find('button[type=\"submit\"]');\n            btn.prop('disabled', true).css('opacity', '0.6');\n\n            $.ajax({\n                type: 'POST',\n                url: 'https:\/\/groupace.fr\/new\/wp-admin\/admin-ajax.php',\n                data: { action: 'traiter_formulaire_agence', formData: $(this).serialize() },\n                success: function(r) {\n                    if (r.success) {\n                        showAlert('Merci\\u00a0! Votre message a bien \u00e9t\u00e9 envoy\u00e9.', 'success');\n                        $('#fca-form')[0].reset();\n                        $('#fca-form .fca-select').removeClass('filled');\n                    } else {\n                        showAlert(r.message || 'Une erreur est survenue.', 'error');\n                    }\n                },\n                error: function() { showAlert('Une erreur est survenue. Veuillez r\u00e9essayer.', 'error'); },\n                complete: function() { btn.prop('disabled', false).css('opacity', '1'); }\n            });\n        });\n\n        function showAlert(msg, type) {\n            $('#fca-alert').hide().removeClass('success error').addClass(type).html(msg).fadeIn(200);\n        }\n    });\n    <\/script>\n    <\/div>\n\t\t\t\t\t\t<\/div>\n\t\t\t\t<\/div>\n\t\t\t\t\t<\/div>\n\t\t<\/div>\n\t\t\t\t\t<\/div>\n\t\t<\/section>\n\t\t\t\t<\/div>\n\t\t","protected":false},"excerpt":{"rendered":"<p>Contact Si\u00e8ge\u00a0: 15 rue Jean-Mermoz \u2013 BP 568127 Sainte-Croix-en-Plaine 03 89 20 27 00 contact@groupace.fr Du lundi au vendredi\u00a0: 8h30 &#8211; 12h00 \/ 13h45 &#8211; 17h15<\/p>\n","protected":false},"author":1,"featured_media":0,"parent":0,"menu_order":0,"comment_status":"closed","ping_status":"closed","template":"","meta":{"inline_featured_image":false,"footnotes":""},"class_list":["post-682","page","type-page","status-publish","hentry"],"_links":{"self":[{"href":"https:\/\/groupace.fr\/new\/wp-json\/wp\/v2\/pages\/682","targetHints":{"allow":["GET"]}}],"collection":[{"href":"https:\/\/groupace.fr\/new\/wp-json\/wp\/v2\/pages"}],"about":[{"href":"https:\/\/groupace.fr\/new\/wp-json\/wp\/v2\/types\/page"}],"author":[{"embeddable":true,"href":"https:\/\/groupace.fr\/new\/wp-json\/wp\/v2\/users\/1"}],"replies":[{"embeddable":true,"href":"https:\/\/groupace.fr\/new\/wp-json\/wp\/v2\/comments?post=682"}],"version-history":[{"count":19,"href":"https:\/\/groupace.fr\/new\/wp-json\/wp\/v2\/pages\/682\/revisions"}],"predecessor-version":[{"id":716,"href":"https:\/\/groupace.fr\/new\/wp-json\/wp\/v2\/pages\/682\/revisions\/716"}],"wp:attachment":[{"href":"https:\/\/groupace.fr\/new\/wp-json\/wp\/v2\/media?parent=682"}],"curies":[{"name":"wp","href":"https:\/\/api.w.org\/{rel}","templated":true}]}}